{"id":473,"date":"2024-11-25T11:02:12","date_gmt":"2024-11-25T08:02:12","guid":{"rendered":"https:\/\/abs-elearning.com\/?page_id=473"},"modified":"2024-11-26T06:17:59","modified_gmt":"2024-11-26T03:17:59","slug":"impressum-privacy-policy","status":"publish","type":"page","link":"https:\/\/abs-elearning.com\/de\/impressum-privacy-policy\/","title":{"rendered":"Impressum | Privacy policy"},"content":{"rendered":"\n<div id=\"impressum\" class=\"wa-elrn-section6\">\n<div class=\"wa-elrn-section6in\">\n\n<div class=\"wa-elrn-title1\">Impressum | Privacy policy<\/div>\n\n<div class=\"wa-elrn-policy\">\n<div class=\"wa-elrn-policy1\">\n<div class=\"wa-elrn-title2\">Datenschutzerkl\u00e4rung<\/div>\n<b>Wir verarbeiten Ihre personenbezogenen Daten, die unter folgende Datenkategorien fallen:<\/b>\n<ul>\n<li>Name\/Firma, <\/li>\n<li>Firmenbuchnummer,<\/li>\n<li>Ansprechperson, <\/li>\n<li>Gesch\u00e4ftsanschrift und sonstige Adressen des Kunden, <\/li>\n<li>Kontaktdaten (Telefonnummer, E-Mail-Adresse, etc.) <\/li>\n<li>Bankverbindungen,<\/li>\n<li>Bestelldaten,<\/li>\n<li>UID-Nummer,<\/li>\n<li>Kundenserviceanfragen.<\/li>\n<\/ul>\n<b>Sie haben uns Daten \u00fcber sich freiwillig zur Verf\u00fcgung gestellt und wir verarbeiten diese Daten auf Grundlage Ihrer Einwilligung zu folgenden Zwecken:<\/b>\n<ul>\n<li>Betreuung des Kunden sowie <\/li>\n<li>f\u00fcr eigene Werbezwecke, beispielsweise zur Zusendung von Angeboten, Werbeprospekten und Newsletter (in Papier- und elektronischer Form), sowie zum Zwecke des Hinweises auf die zum Kunden bestehende oder vormalige Gesch\u00e4ftsbeziehung (Referenzhinweis).<\/li>\n<\/ul>\n<p>\nSie k\u00f6nnen diese Einwilligung jederzeit widerrufen. Ein Widerruf hat zur Folge, dass wir Ihre Daten ab diesem Zeitpunkt zu oben genannten Zwecken nicht mehr verarbeiten. F\u00fcr einen Widerruf wenden Sie sich bitte an: office@abs-elearning.com.\n<\/p>\n<p>\nDie von Ihnen bereit gestellten Daten sind weiters zur Vertragserf\u00fcllung bzw. zur Durchf\u00fchrung vorvertraglicher Ma\u00dfnahmen erforderlich. Ohne diese Daten k\u00f6nnen wir einen Vertrag mit Ihnen nicht abschlie\u00dfen.\n<\/p>\n<p>\nRechtsbehelfsbelehrung\nIhnen stehen grunds\u00e4tzlich die Rechte auf Auskunft, Berichtigung, L\u00f6schung, Einschr\u00e4nkung, Daten\u00fcbertragbarkeit und Widerspruch zu. Daf\u00fcr wenden Sie sich an uns. Wenn Sie glauben, dass die Verarbeitung Ihrer Daten gegen das Datenschutzrecht verst\u00f6\u00dft oder Ihre datenschutzrechtlichen Anspr\u00fcche sonst in einer Weise verletzt worden sind, k\u00f6nnen Sie sich bei der Aufsichtsbeh\u00f6rde beschweren. In \u00d6sterreich ist die <a href=\"http:\/\/dsb.gv.at\/\" target=\"_blank\">Datenschutzbeh\u00f6rde<\/a> zust\u00e4ndig.\n<\/p>\n<\/div>\n<div class=\"wa-elrn-policy2\">\n<div class=\"wa-elrn-title2\">Impressum<\/div>\n<p>\nABS E-Learning e.U.\nInhaber Anastasia Baillie-Spegalskaya, Spez., MA\nEingetragenes Einzelunternehmen\nE-Learning Produktion\n<\/p>\n<p>\nFN 634158k | Handelsgericht Wien\nWien, \u00d6sterreich\nSitz: Liechtensteinstra\u00dfe 129\/23, 1090 Wien \n<\/p>\n<p>\nTel: +4368184147630\nE-Mail: office@abs-elearning.com\nMitglied der WK\u00d6\n<\/p>\n<\/div>\n<\/div>\n\n<\/div>\n<\/div>\n\n\n\n<p><\/p>\n","protected":false},"excerpt":{"rendered":"<p>Impressum | Privacy policy Datenschutzerkl\u00e4rung Wir verarbeiten Ihre personenbezogenen Daten, die unter folgende Datenkategorien fallen: Name\/Firma, Firmenbuchnummer, Ansprechperson, Gesch\u00e4ftsanschrift und [&hellip;]<\/p>\n","protected":false},"author":1,"featured_media":0,"parent":0,"menu_order":0,"comment_status":"closed","ping_status":"closed","template":"","meta":{"site-sidebar-layout":"default","site-content-layout":"","ast-site-content-layout":"","site-content-style":"default","site-sidebar-style":"default","ast-global-header-display":"","ast-banner-title-visibility":"","ast-main-header-display":"","ast-hfb-above-header-display":"","ast-hfb-below-header-display":"","ast-hfb-mobile-header-display":"","site-post-title":"","ast-breadcrumbs-content":"","ast-featured-img":"","footer-sml-layout":"","theme-transparent-header-meta":"","adv-header-id-meta":"","stick-header-meta":"","header-above-stick-meta":"","header-main-stick-meta":"","header-below-stick-meta":"","astra-migrate-meta-layouts":"default","ast-page-background-enabled":"default","ast-page-background-meta":{"desktop":{"background-color":"var(--ast-global-color-4)","background-image":"","background-repeat":"repeat","background-position":"center center","background-size":"auto","background-attachment":"scroll","background-type":"","background-media":"","overlay-type":"","overlay-color":"","overlay-opacity":"","overlay-gradient":""},"tablet":{"background-color":"","background-image":"","background-repeat":"repeat","background-position":"center center","background-size":"auto","background-attachment":"scroll","background-type":"","background-media":"","overlay-type":"","overlay-color":"","overlay-opacity":"","overlay-gradient":""},"mobile":{"background-color":"","background-image":"","background-repeat":"repeat","background-position":"center center","background-size":"auto","background-attachment":"scroll","background-type":"","background-media":"","overlay-type":"","overlay-color":"","overlay-opacity":"","overlay-gradient":""}},"ast-content-background-meta":{"desktop":{"background-color":"var(--ast-global-color-5)","background-image":"","background-repeat":"repeat","background-position":"center center","background-size":"auto","background-attachment":"scroll","background-type":"","background-media":"","overlay-type":"","overlay-color":"","overlay-opacity":"","overlay-gradient":""},"tablet":{"background-color":"var(--ast-global-color-5)","background-image":"","background-repeat":"repeat","background-position":"center center","background-size":"auto","background-attachment":"scroll","background-type":"","background-media":"","overlay-type":"","overlay-color":"","overlay-opacity":"","overlay-gradient":""},"mobile":{"background-color":"var(--ast-global-color-5)","background-image":"","background-repeat":"repeat","background-position":"center center","background-size":"auto","background-attachment":"scroll","background-type":"","background-media":"","overlay-type":"","overlay-color":"","overlay-opacity":"","overlay-gradient":""}},"footnotes":""},"class_list":["post-473","page","type-page","status-publish","hentry"],"_links":{"self":[{"href":"https:\/\/abs-elearning.com\/de\/wp-json\/wp\/v2\/pages\/473","targetHints":{"allow":["GET"]}}],"collection":[{"href":"https:\/\/abs-elearning.com\/de\/wp-json\/wp\/v2\/pages"}],"about":[{"href":"https:\/\/abs-elearning.com\/de\/wp-json\/wp\/v2\/types\/page"}],"author":[{"embeddable":true,"href":"https:\/\/abs-elearning.com\/de\/wp-json\/wp\/v2\/users\/1"}],"replies":[{"embeddable":true,"href":"https:\/\/abs-elearning.com\/de\/wp-json\/wp\/v2\/comments?post=473"}],"version-history":[{"count":1,"href":"https:\/\/abs-elearning.com\/de\/wp-json\/wp\/v2\/pages\/473\/revisions"}],"predecessor-version":[{"id":474,"href":"https:\/\/abs-elearning.com\/de\/wp-json\/wp\/v2\/pages\/473\/revisions\/474"}],"wp:attachment":[{"href":"https:\/\/abs-elearning.com\/de\/wp-json\/wp\/v2\/media?parent=473"}],"curies":[{"name":"wp","href":"https:\/\/api.w.org\/{rel}","templated":true}]}}