{"id":216,"date":"2024-10-27T16:41:42","date_gmt":"2024-10-27T13:41:42","guid":{"rendered":"https:\/\/abs-elearning.com\/%d0%b3%d0%bb%d0%b0%d0%b2%d0%bd%d0%b0%d1%8f\/"},"modified":"2026-01-12T20:54:19","modified_gmt":"2026-01-12T17:54:19","slug":"%d0%b3%d0%bb%d0%b0%d0%b2%d0%bd%d0%b0%d1%8f","status":"publish","type":"page","link":"https:\/\/abs-elearning.com\/de\/","title":{"rendered":"\u0413\u043b\u0430\u0432\u043d\u0430\u044f"},"content":{"rendered":"\n<div class=\"wa-elrn-section1\">\n<div class=\"wa-elrn-section1in\">\n\n<div class=\"wa-elrn-welc\">\n<div class=\"wa-elrn-welcin\">\n<div class=\"wa-elrn-welc-p1\"><img decoding=\"async\" src=\"\/wp-content\/uploads\/2025\/06\/person.png\" alt=\"\"><\/div>\n<div class=\"wa-elrn-welc-p2\">\n<div class=\"wa-elrn-welctitle\">Produktion von E-Learnings,  <br>\ndie Wirkung zeigen<\/div>\n<img decoding=\"async\" src=\"\/wp-content\/uploads\/2025\/07\/ABS_ava.png\" alt=\"\">\n<div class=\"wa-elrn-txt2\">\nAlles, was Sie brauchen, um Ihr Wissen und Ihre Erfahrung in interaktive Kurse zu verwandeln. Wir verwenden innovative Ans\u00e4tze und passen E-Learning Inhalte an, um Ihre Zielgruppe zu fesseln und den Lernerfolg zu maximieren.\n<\/div>\n<a href=\"#academy\" class=\"wa-elrn-welc-button\">Kurse ansehen<\/a>\n<\/div>\n<\/div>\n<\/div>\n\n<div class=\"clearboth\"><\/div>\n\n<div class=\"wa-elrn-brands\" style=\"margin-bottom:40px\">\n<div class=\"wa-elrn-brandstxt2\"><div>St\u00e4ndig in Entwicklung durch gro\u00dfartige Kooperationen:<\/div><\/div>\n\n\r\n    <div class=\"wa-slider\" data-wa-slider=\"wa-slider\" style=\"display:none;\" {#startup_slider#} data-loop=\"false\" data-slider-height-desktop=\"120px\" \ndata-slider-width-desktop=\"auto\" data-slides-to-show-desktop=\"5\" data-slides-to-move-desktop=\"1\" data-show-aside-a-desktop=\"true\" data-show-aside-b-desktop=\"false\" \ndata-slides-gap-desktop=\"5\" data-autoscroll-desktop=\"false\" data-autoscroll-delay-desktop=\"3000\" data-show-arrows-desktop=\"false\" data-arrows-placement-desktop=\"0\" \ndata-show-pagination-points-desktop=\"false\" data-use-touch-gestures-desktop=\"true\" data-max-screen-width-tablet=\"1180\" data-slider-height-tablet=\"120px\" data-slider-width-tablet=\"auto\" \ndata-slides-to-show-tablet=\"3\" data-slides-to-move-tablet=\"1\" data-show-aside-a-tablet=\"true\" data-show-aside-b-tablet=\"false\" data-slides-gap-tablet=\"5\" \ndata-autoscroll-tablet=\"false\" data-autoscroll-delay-tablet=\"5000\" data-show-arrows-tablet=\"false\" data-arrows-placement-tablet=\"0\" data-show-pagination-points-tablet=\"false\" \ndata-use-touch-gestures-tablet=\"true\" data-max-screen-width-smrtphn=\"820\" data-slider-height-smrtphn=\"120px\" data-slider-width-smrtphn=\"auto\" data-slides-to-show-smrtphn=\"2\" \ndata-slides-to-move-smrtphn=\"1\" data-show-aside-a-smrtphn=\"false\" data-show-aside-b-smrtphn=\"false\" data-slides-gap-smrtphn=\"5\" data-autoscroll-smrtphn=\"false\" \ndata-autoscroll-delay-smrtphn=\"2000\" data-show-arrows-smrtphn=\"false\" data-arrows-placement-smrtphn=\"0\" data-show-pagination-points-smrtphn=\"true\" data-use-touch-gestures-smrtphn=\"true\" \n>\r\n      <button class=\"wa-slider-control\" data-slide=\"prev\"><\/button>\r\n      <button class=\"wa-slider-control\" data-slide=\"next\"><\/button>\r\n      <div class=\"clr\"><\/div>\r\n      <div class=\"wa-slider-wrapper\">\r\n        <div class=\"wa-slider-sideleft\">\r\n            <div class=\"wa-elrn-brandstxt wa-elrn-brandscent\"><div>Constantly evolving through<br> great cooperations:<\/div><\/div>\r\n        <\/div>\r\n        <div class=\"wa-slider-items\">\r\n            <div class=\"wa-slider-item\">\r\n                <div style=\"height:100%;overflow: hidden;\"><div><div class=\"wa-elrn-brandscent\"><img decoding=\"async\" src=\"\/elrn\/images\/cooperation_logo1.png\" alt=\"\"><\/div><\/div><\/div><\/div>\r\n            <div class=\"wa-slider-item\">\r\n                <div style=\"height:100%;overflow: hidden;\"><div><div class=\"wa-elrn-brandscent\"><img decoding=\"async\" src=\"\/elrn\/images\/cooperation_logo3.png\" alt=\"\"><\/div><\/div><\/div><\/div>\r\n        <\/div>\r\n      <\/div>\r\n      <ul class=\"wa-slider-dots\">\r\n          <li><button data-num=\"0\" class=\"wa-slider-activedot\">0<\/button><\/li>\n<li><button data-num=\"1\">1<\/button><\/li>\n\r\n      <\/ul>\r\n    <\/div>\n<\/div>\n\n\n<\/div>\n<\/div>\n\n<div class=\"wa-elrn-articles\" style=\"display:none\">\n<div class=\"wa-elrn-articlesin\">\n<div class=\"wa-elrn-articlesread\">Must Read<\/div>\n\r\n    <div class=\"wa-slider\" data-wa-slider=\"wa-slider\" style=\"display:none;\" {#startup_slider#} data-loop=\"true\" data-slider-height-desktop=\"158px\" \ndata-slider-width-desktop=\"auto\" data-slides-to-show-desktop=\"3\" data-slides-to-move-desktop=\"1\" data-show-aside-a-desktop=\"false\" data-show-aside-b-desktop=\"false\" \ndata-slides-gap-desktop=\"5\" data-autoscroll-desktop=\"false\" data-autoscroll-delay-desktop=\"5000\" data-show-arrows-desktop=\"true\" data-arrows-placement-desktop=\"1\" \ndata-show-pagination-points-desktop=\"false\" data-use-touch-gestures-desktop=\"true\" data-max-screen-width-tablet=\"1480\" data-slider-height-tablet=\"158px\" data-slider-width-tablet=\"auto\" \ndata-slides-to-show-tablet=\"2\" data-slides-to-move-tablet=\"1\" data-show-aside-a-tablet=\"false\" data-show-aside-b-tablet=\"false\" data-slides-gap-tablet=\"5\" \ndata-autoscroll-tablet=\"false\" data-autoscroll-delay-tablet=\"5000\" data-show-arrows-tablet=\"true\" data-arrows-placement-tablet=\"1\" data-show-pagination-points-tablet=\"false\" \ndata-use-touch-gestures-tablet=\"true\" data-max-screen-width-smrtphn=\"960\" data-slider-height-smrtphn=\"158px\" data-slider-width-smrtphn=\"auto\" data-slides-to-show-smrtphn=\"1\" \ndata-slides-to-move-smrtphn=\"1\" data-show-aside-a-smrtphn=\"false\" data-show-aside-b-smrtphn=\"false\" data-slides-gap-smrtphn=\"5\" data-autoscroll-smrtphn=\"false\" \ndata-autoscroll-delay-smrtphn=\"5000\" data-show-arrows-smrtphn=\"true\" data-arrows-placement-smrtphn=\"2\" data-show-pagination-points-smrtphn=\"false\" data-use-touch-gestures-smrtphn=\"true\" \n>\r\n      <button class=\"wa-slider-control\" data-slide=\"prev\"><\/button>\r\n      <button class=\"wa-slider-control\" data-slide=\"next\"><\/button>\r\n      <div class=\"clr\"><\/div>\r\n      <div class=\"wa-slider-wrapper\">\r\n        \r\n        <div class=\"wa-slider-items\">\r\n            <div class=\"wa-slider-item\">\r\n                <div style=\"height:100%;overflow: hidden;\"><div><div class=\"wa-elrn-article\">\n<div class=\"wa-elrn-articleimg\"><img decoding=\"async\" src=\"\/wp-content\/uploads\/2024\/11\/1.jpg\" alt=\"\"><\/div>\n<div class=\"wa-elrn-articlein\">\n<div class=\"wa-elrn-articletitle\">Runway<\/div>\n<div class=\"wa-elrn-articletxt\">\nOn the Podcast: Gwendoline Christie\nin Conversation with John Galliano at Forces of Fashion\n<\/div>\n<div class=\"wa-elrn-articleauthor\">By Daniel Rodgers<\/div>\n<\/div>\n<\/div><\/div><\/div><\/div>\r\n            <div class=\"wa-slider-item\">\r\n                <div style=\"height:100%;overflow: hidden;\"><div><div class=\"wa-elrn-article\">\n<div class=\"wa-elrn-articleimg\"><img decoding=\"async\" src=\"\/wp-content\/uploads\/2024\/11\/2.jpg\" alt=\"\"><\/div>\n<div class=\"wa-elrn-articlein\">\n<div class=\"wa-elrn-articletitle\">Beauty<\/div>\n<div class=\"wa-elrn-articletxt\">\n60 Short Hairstyles to Inspire Your Next Chop\n<\/div>\n<div class=\"wa-elrn-articleauthor\">By Hannah Coates and Calin Van Paris<\/div>\n<\/div>\n<\/div><\/div><\/div><\/div>\r\n            <div class=\"wa-slider-item\">\r\n                <div style=\"height:100%;overflow: hidden;\"><div><div class=\"wa-elrn-article\">\n<div class=\"wa-elrn-articleimg\"><img decoding=\"async\" src=\"\/wp-content\/uploads\/2024\/11\/3.jpg\" alt=\"\"><\/div>\n<div class=\"wa-elrn-articlein\">\n<div class=\"wa-elrn-articletitle\">Weddings<\/div>\n<div class=\"wa-elrn-articletxt\">\nThe Bride Wore a Three-Piece Gown for Her Surrealist Wedding at Her Family's Sculpture Park in Amagansett\n<\/div>\n<div class=\"wa-elrn-articleauthor\">By Elise Taylor<\/div>\n<\/div>\n<\/div><\/div><\/div><\/div>\r\n            <div class=\"wa-slider-item\">\r\n                <div style=\"height:100%;overflow: hidden;\"><div><div class=\"wa-elrn-article\">\n<div class=\"wa-elrn-articleimg\"><img decoding=\"async\" src=\"\/wp-content\/uploads\/2024\/11\/3.jpg\" alt=\"\"><\/div>\n<div class=\"wa-elrn-articlein\">\n<div class=\"wa-elrn-articletitle\">Weddings<\/div>\n<div class=\"wa-elrn-articletxt\">\nThe Bride Wore a Three-Piece Gown for Her Surrealist Wedding at Her Family's Sculpture Park in Amagansett\n<\/div>\n<div class=\"wa-elrn-articleauthor\">By Elise Taylor<\/div>\n<\/div>\n<\/div><\/div><\/div><\/div>\r\n        <\/div>\r\n      <\/div>\r\n      <ul class=\"wa-slider-dots\">\r\n          <li><button data-num=\"0\" class=\"wa-slider-activedot\">0<\/button><\/li>\n<li><button data-num=\"1\">1<\/button><\/li>\n<li><button data-num=\"2\">2<\/button><\/li>\n<li><button data-num=\"3\">3<\/button><\/li>\n\r\n      <\/ul>\r\n    <\/div>\n<\/div>\n<\/div>\n\n\n\n<div class=\"wa-elrn-section2\">\n<div class=\"wa-elrn-section2in\">\n\n<div class=\"wa-elrn-founders\">\n<div>\n<div class=\"wa-elrn-title1\">\u00dcber uns<\/div>\n<div class=\"wa-elrn-txt2\">\nABS E-Learning e.U. ist ein E-Learning-Studio unter der Leitung von Anastasia Baillie-Spegalskaya, einer erfahrenen Instruktionsdesignerin, E-Learning-Produzentin und Beraterin. Sie ist spezialisiert auf die Erstellung hochwertiger, interaktiver Selbstlernkurse f\u00fcr Unternehmen, Lehrende und Organisationen. Ihr Fokus liegt auf kleineren, wirkungsvollen Projekten, die Detailgenauigkeit, Kreativit\u00e4t und eine individuelle Herangehensweise erfordern. Bei umfangreicheren Initiativen arbeitet ABS E-Learning mit einem Netzwerk erfahrener Fachleute zusammen \u2013 von Multimedia-Designer:innen und Projektmanager:innen f\u00fcr Gro\u00dfprojekte bis hin zu LMS-Spezialist:innen und Verhaltenspsycholog:innen \u2013, um eine reibungslose Umsetzung auf h\u00f6chstem Qualit\u00e4tsniveau sicherzustellen.\n<\/div>\n<\/div>\n<\/div>\n\n<div class=\"wa-elrn-teaching\">\n<div class=\"wa-elrn-teach\">\n<div class=\"wa-elrn-teach-title\">Instructional Design<\/div>\n<div class=\"wa-elrn-teach-img\"><img decoding=\"async\" src=\"\/wp-content\/uploads\/2025\/06\/design.png\" alt=\"\"><\/div>\n<\/div>\n<div class=\"wa-elrn-teach\">\n<div class=\"wa-elrn-teach-title\">E-Learning <br>\nDevelopment<\/div>\n<div class=\"wa-elrn-teach-img\"><img decoding=\"async\" src=\"\/wp-content\/uploads\/2025\/06\/dev.png\" alt=\"\"><\/div>\n<\/div>\n<div class=\"wa-elrn-teach\">\n<div class=\"wa-elrn-teach-title\">E-Learning <br>\nImplementation<\/div>\n<div class=\"wa-elrn-teach-img\"><img decoding=\"async\" src=\"\/wp-content\/uploads\/2025\/06\/implem.png\" alt=\"\"><\/div>\n<\/div>\n<div class=\"wa-elrn-teach\">\n<div class=\"wa-elrn-teach-title\">Multimedia <br>\nContent Production<\/div>\n<div class=\"wa-elrn-teach-img\"><img decoding=\"async\" src=\"\/wp-content\/uploads\/2025\/06\/media1.png\" alt=\"\"><\/div>\n<\/div>\n<div class=\"wa-elrn-teach\">\n<div class=\"wa-elrn-teach-title\">Storytelling<\/div>\n<div class=\"wa-elrn-teach-img\"><img decoding=\"async\" src=\"\/wp-content\/uploads\/2025\/06\/story1.png\" alt=\"\"><\/div>\n<\/div>\n<\/div>\n\n\n<\/div>\n<\/div>\n\n\n\n<div id=\"services\" class=\"wa-elrn-section3\">\n<div class=\"wa-elrn-section3in\">\n\n<div class=\"wa-elrn-title1\">Services<\/div>\n\n\n<\/div>\n<\/div>\n\n<div class=\"wa-elrn-service wa-elrn-service-right\">\n<div class=\"wa-elrn-service-p1\">\n<div class=\"wa-elrn-service-title\">Anspruchsvoller und strukturierter Inhalt<\/div>\n<div class=\"wa-elrn-txt2\">Viele Unternehmen, Lehrkr\u00e4fte und Vortragende haben Schwierigkeiten, ihre Inhalte visuell ansprechend und fesselnd zu gestalten, was zu geringer Beteiligung und niedriger Lernbindung f\u00fchrt. <br><br>\nWir verwandeln Inhalte in visuell ansprechende, strukturierte und interaktive Materialien, die die Beteiligung steigern und das Lernen effektiver machen.<\/div>\n<\/div>\n<div class=\"wa-elrn-service-p2\">\n<img decoding=\"async\" src=\"\/wp-content\/uploads\/2025\/06\/selfplaced.jpg\" alt=\"\">\n<\/div>\n<\/div>\n\n<div class=\"wa-elrn-service wa-elrn-service-left\">\n<div class=\"wa-elrn-service-p1\">\n<div class=\"wa-elrn-service-title\">Selbstlernkurse<\/div>\n<div class=\"wa-elrn-txt2\">Die Erstellung von E-Learning Inhalten kann ein komplexer und zeitaufw\u00e4ndiger Prozess sein, insbesondere f\u00fcr Unternehmen oder Institutionen, die mit Instruktionsdesign und E-Learning Entwicklung nicht vertraut sind oder nach den notwendigen Werkzeugen suchen.<br><br> \nWir \u00fcbernehmen den gesamten Produktionsprozess, von der Konzeption bis zur Bereitstellung, damit Sie sich auf Ihre Kernaktivit\u00e4ten konzentrieren k\u00f6nnen, w\u00e4hrend wir die Kurse f\u00fcr Sie erstellen.<\/div>\n<\/div>\n<div class=\"wa-elrn-service-p2\">\n<img decoding=\"async\" src=\"\/wp-content\/uploads\/2025\/06\/engage.png\" alt=\"\">\n<\/div>\n<\/div>\n\n<div class=\"wa-elrn-service wa-elrn-service-right\">\n<div class=\"wa-elrn-service-p1\">\n<div class=\"wa-elrn-service-title\">Online Akademie<\/div>\n<div class=\"wa-elrn-txt2\">Nicht jede Organisation verf\u00fcgt \u00fcber das Fachwissen oder die Ressourcen, um hochwertige Selbstlernkurse zu erstellen. Sie sind m\u00f6glicherweise mit E-Learning Tools, Plattformen oder Methoden des Instruktions- und Lerndesigns nicht vertraut.<br><br>\nWir bieten Dienstleistungen zur Erstellung Ihrer eigenen Akademie\/Ihres eigenen Lernpfads an. Entweder nutzen wir Ihre vorhandenen Kurse oder erstellen neue und implementieren sie auf dem LMS Ihrer Wahl.<\/div>\n<\/div>\n<div class=\"wa-elrn-service-p2\">\n<img decoding=\"async\" src=\"\/wp-content\/uploads\/2025\/06\/onlineok.jpg\" alt=\"\">\n<\/div>\n<\/div>\n\n\n\n<div class=\"wa-elrn-service0\" style=\"display:none\">\n<div class=\"wa-elrn-service\">\n<div class=\"wa-elrn-serviceimg wa-elrn-simg4\"><\/div>\n<div class=\"wa-elrn-servicecolor wa-elrn-green\">\n<div class=\"wa-elrn-servicein\">\n<div class=\"wa-elrn-servicetitle\">Pop-up studio for recordings<\/div>\n<div class=\"wa-elrn-txt2\">E-Learning production requires a purchace of a lot of expensive equipment. Our pop-up studio is easy to install and has all necessary equipment for a quick start!<br><br>\nPop-up studio is available to record your courses with full assistance and post-production. This studio can be set up almost anywhere. We&#8217;re ready to start anytime!\n<\/div>\n<\/div>\n<\/div>\n<\/div>\n<\/div>\n<div class=\"wa-elrn-section3in\">\n<\/div>\n\n\n\n<div id=\"academy\" class=\"wa-elrn-section4\">\n<div class=\"wa-elrn-section4in\">\n\n<div class=\"wa-elrn-quote wa-elrn-txt1\"><div class=\"wa-elrn-quotein\">\u201cStudy hard what interests you the most in the most  undisciplined, irreverent and original manner possible.\u201d <div class=\"wa-elrn-qauthor\">Richard Feynmann<\/div><\/div><\/div>\n\n<div class=\"wa-elrn-title1\">Kurse<\/div>\n\n<div class=\"wa-elrn-academy\">\n<div class=\"wa-elrn-case\">\n<div class=\"wa-elrn-caseimg\" style=\"background-image:url('\/wp-content\/uploads\/2025\/06\/grundlagen.jpg');background-size:cover\"><\/div>\n<div class=\"wa-elrn-casein\">\n<div class=\"wa-elrn-casetitle\">E-Learning Grundlagen: Ein umfassender Einstieg<\/div>\n<div class=\"wa-elrn-txt2\">In diesem videobasierten Selbstlernkurs werden zentrale Aspekte der Planung, Gestaltung und Umsetzung von E-Learning-Angeboten behandelt.<\/div>\n<div class=\"wa-elrn-casebutton\"><a href=\"https:\/\/imoox.at\/course\/e-learning\">Zum Kurs<\/a><\/div>\n<\/div>\n<\/div>\n\n<div class=\"wa-elrn-case\">\n<div class=\"wa-elrn-caseimg\" style=\"background-image:url('\/wp-content\/uploads\/2025\/03\/plakat_schreibmotivation_responsive.png');background-size:cover\"><\/div>\n<div class=\"wa-elrn-casein\">\n<div class=\"wa-elrn-casetitle\">Wie kann ich mich blo\u00df  zum Schreiben motivieren?<\/div>\n<div class=\"wa-elrn-txt2\">Nach Abschluss dieses Selbstlernkurses sind Sie in der Lage, Ihre Schreibmotivation realistisch einzusch\u00e4tzen sowie dementsprechend Ziele festzulegen.<\/div>\n<div class=\"wa-elrn-casebutton\"><a href=\"https:\/\/rise.articulate.com\/share\/vA1bkOAK1VHEzuoHNbytT9VeFnmOW88P#\/\">Zum Kurs<\/a><\/div>\n<\/div>\n<\/div>\n\n<div class=\"wa-elrn-case\">\n<div class=\"wa-elrn-caseimg\" style=\"background-image:url('\/wp-content\/uploads\/2026\/01\/Screenshot-2026-01-12-at-18.40.15.png');background-size:cover\"><\/div>\n<div class=\"wa-elrn-casein\">\n<div class=\"wa-elrn-casetitle\">Selbstlernkurs zur Bibliotheksnutzung<\/div>\n<div class=\"wa-elrn-txt2\">Nach Abschluss dieses video-basierten Kurses k\u00f6nnen Studierende im Online-Katalog gezielt suchen, Treffer eingrenzen, Suchstrategien entwickeln und Literatur organisieren.<\/div>\n<div class=\"wa-elrn-casebutton\"><a href=\"https:\/\/fh-wien.cloud.panopto.eu\/Panopto\/Pages\/Viewer.aspx?id=4b08905a-f277-43ba-baf1-b3440066d171&#038;start=0\">Teaser<\/a><\/div>\n<\/div>\n<\/div>\n\n<div class=\"wa-elrn-case wa-elrn-casenone\">\n<div class=\"wa-elrn-caseimg\"><\/div>\n<div class=\"wa-elrn-casein\">\n<div class=\"wa-elrn-casetitle\">Coming soon<\/div>\n<div class=\"wa-elrn-txt2\"><\/div>\n<div class=\"wa-elrn-casebutton\">&nbsp;<\/div>\n<\/div>\n<\/div>\n\n<div class=\"wa-elrn-case wa-elrn-casenone\">\n<div class=\"wa-elrn-caseimg\"><\/div>\n<div class=\"wa-elrn-casein\">\n<div class=\"wa-elrn-casetitle\">Coming soon<\/div>\n<div class=\"wa-elrn-txt2\"><\/div>\n<div class=\"wa-elrn-casebutton\">&nbsp;<\/div>\n<\/div>\n<\/div>\n\n<div class=\"wa-elrn-case wa-elrn-casenone\">\n<div class=\"wa-elrn-caseimg\"><\/div>\n<div class=\"wa-elrn-casein\">\n<div class=\"wa-elrn-casetitle\">Coming soon<\/div>\n<div class=\"wa-elrn-txt2\"><\/div>\n<div class=\"wa-elrn-casebutton\">&nbsp;<\/div>\n<\/div>\n<\/div>\n<\/div>\n\n<\/div>\n<\/div>\n\n\n\n<div id=\"contact\" class=\"wa-elrn-section5\">\n<div class=\"wa-elrn-section5in\">\n\n<div class=\"wa-elrn-title1\">Contact<\/div>\n\n<div class=\"wa-elrn-contact\">\n\n<div class=\"wpcf7 no-js\" id=\"wpcf7-f356-o1\" lang=\"ru-RU\" dir=\"ltr\" data-wpcf7-id=\"356\">\n<div class=\"screen-reader-response\"><p role=\"status\" aria-live=\"polite\" aria-atomic=\"true\"><\/p> <ul><\/ul><\/div>\n<form action=\"\/de\/wp-json\/wp\/v2\/pages\/216#wpcf7-f356-o1\" method=\"post\" class=\"wpcf7-form init\" aria-label=\"\u041a\u043e\u043d\u0442\u0430\u043a\u0442\u043d\u0430\u044f \u0444\u043e\u0440\u043c\u0430\" novalidate=\"novalidate\" data-status=\"init\">\n<fieldset class=\"hidden-fields-container\"><input type=\"hidden\" name=\"_wpcf7\" value=\"356\" \/><input type=\"hidden\" name=\"_wpcf7_version\" value=\"6.1.5\" \/><input type=\"hidden\" name=\"_wpcf7_locale\" value=\"ru_RU\" \/><input type=\"hidden\" name=\"_wpcf7_unit_tag\" value=\"wpcf7-f356-o1\" \/><input type=\"hidden\" name=\"_wpcf7_container_post\" value=\"0\" \/><input type=\"hidden\" name=\"_wpcf7_posted_data_hash\" value=\"\" \/>\n<\/fieldset>\n<div class=\"wa-elrn-txt2\">\n\t<p><strong>We look forward to connecting with you! Leave us a message!<\/strong>\n\t<\/p>\n<\/div>\n<div class=\"wa-elrn-txt2\">\n\t<p>Our experts are ready to answer your questions! Fields marked with <b>*<\/b> are required.\n\t<\/p>\n<\/div>\n<div class=\"wa-elrn-cf7half0\">\n\t<div class=\"wa-elrn-cf7half\">\n\t\t<p><strong>First Name <b>*<\/b><\/strong><br \/>\n<span class=\"wpcf7-form-control-wrap\" data-name=\"firstname\"><input size=\"40\" maxlength=\"400\" class=\"wpcf7-form-control wpcf7-text wpcf7-validates-as-required\" autocomplete=\"name\" aria-required=\"true\" aria-invalid=\"false\" placeholder=\"Max\" value=\"\" type=\"text\" name=\"firstname\" \/><\/span>\n\t\t<\/p>\n\t<\/div>\n\t<div class=\"wa-elrn-cf7half\">\n\t\t<p><strong>Last Name <b>*<\/b><\/strong><br \/>\n<span class=\"wpcf7-form-control-wrap\" data-name=\"lastname\"><input size=\"40\" maxlength=\"400\" class=\"wpcf7-form-control wpcf7-text wpcf7-validates-as-required\" autocomplete=\"name\" aria-required=\"true\" aria-invalid=\"false\" placeholder=\"Mustermann\" value=\"\" type=\"text\" name=\"lastname\" \/><\/span>\n\t\t<\/p>\n\t<\/div>\n<\/div>\n<div class=\"wa-elrn-cf7half0\">\n\t<div class=\"wa-elrn-cf7half\">\n\t\t<p><strong>Email <b>*<\/b><\/strong><br \/>\n<span class=\"wpcf7-form-control-wrap\" data-name=\"your-email\"><input size=\"40\" maxlength=\"400\" class=\"wpcf7-form-control wpcf7-email wpcf7-validates-as-required wpcf7-text wpcf7-validates-as-email\" autocomplete=\"email\" aria-required=\"true\" aria-invalid=\"false\" placeholder=\"test@example.com\" value=\"\" type=\"email\" name=\"your-email\" \/><\/span>\n\t\t<\/p>\n\t<\/div>\n\t<div class=\"wa-elrn-cf7half\">\n\t\t<p><strong>Phone Number\u2028<\/strong><br \/>\n<span class=\"wpcf7-form-control-wrap\" data-name=\"telephone\"><input size=\"40\" maxlength=\"400\" class=\"wpcf7-form-control wpcf7-tel wpcf7-text wpcf7-validates-as-tel\" autocomplete=\"tel\" aria-invalid=\"false\" placeholder=\"+4 999 111 11 11\" value=\"\" type=\"tel\" name=\"telephone\" \/><\/span>\n\t\t<\/p>\n\t<\/div>\n<\/div>\n<div class=\"wa-elrn-cf7half0\">\n\t<div class=\"wa-elrn-cf7half\">\n\t\t<p><strong>Organization <b>*<\/b><\/strong><br \/>\n<span class=\"wpcf7-form-control-wrap\" data-name=\"organisation\"><input size=\"40\" maxlength=\"400\" class=\"wpcf7-form-control wpcf7-text wpcf7-validates-as-required\" aria-required=\"true\" aria-invalid=\"false\" placeholder=\"Organisation\" value=\"\" type=\"text\" name=\"organisation\" \/><\/span>\n\t\t<\/p>\n\t<\/div>\n\t<div class=\"wa-elrn-cf7half\">\n\t\t<p><strong>Callback date \\ time (CET; UTC+01:00)<\/strong><br \/>\n<span class=\"wpcf7-form-control-wrap\" data-name=\"date-picker\"><input size=\"40\" maxlength=\"400\" class=\"wpcf7-form-control wpcf7-text walcf7-datetimepicker\" aria-invalid=\"false\" value=\"\" type=\"text\" name=\"date-picker\" \/><\/span>\n\t\t<\/p>\n\t<\/div>\n<\/div>\n<div class=\"wa-elrn-cf7full\">\n\t<p><strong>Your message <b>*<\/b><\/strong><br \/>\n<span class=\"wpcf7-form-control-wrap\" data-name=\"your-message\"><textarea cols=\"40\" rows=\"10\" maxlength=\"2000\" class=\"wpcf7-form-control wpcf7-textarea wpcf7-validates-as-required\" aria-required=\"true\" aria-invalid=\"false\" name=\"your-message\"><\/textarea><\/span>\n\t<\/p>\n<\/div>\n<div class=\"wa-elrn-cf7accept\">\n\t<p><span class=\"wpcf7-form-control-wrap\" data-name=\"acceptance-981\"><span class=\"wpcf7-form-control wpcf7-acceptance\"><span class=\"wpcf7-list-item\"><label><input type=\"checkbox\" name=\"acceptance-981\" value=\"1\" aria-invalid=\"false\" \/><span class=\"wpcf7-list-item-label\">I have read and acknowledged the privacy policy<b>*<\/b>.<\/span><\/label><\/span><\/span><\/span>\n\t<\/p>\n<\/div>\n<p><input class=\"wpcf7-form-control wpcf7-submit has-spinner\" type=\"submit\" value=\"Send\" \/>\n<\/p><div class=\"wpcf7-response-output\" aria-hidden=\"true\"><\/div>\n<\/form>\n<\/div>\n\n<\/div>\n\n<\/div>\n<\/div>\n\n\n\n<p><\/p>\n","protected":false},"excerpt":{"rendered":"<p>Produktion von E-Learnings, die Wirkung zeigen Alles, was Sie brauchen, um Ihr Wissen und Ihre Erfahrung in interaktive Kurse zu [&hellip;]<\/p>\n","protected":false},"author":1,"featured_media":0,"parent":0,"menu_order":0,"comment_status":"closed","ping_status":"closed","template":"","meta":{"site-sidebar-layout":"no-sidebar","site-content-layout":"plain-container","ast-site-content-layout":"","site-content-style":"default","site-sidebar-style":"default","ast-global-header-display":"","ast-banner-title-visibility":"","ast-main-header-display":"","ast-hfb-above-header-display":"","ast-hfb-below-header-display":"","ast-hfb-mobile-header-display":"","site-post-title":"disabled","ast-breadcrumbs-content":"","ast-featured-img":"","footer-sml-layout":"","theme-transparent-header-meta":"enabled","adv-header-id-meta":"","stick-header-meta":"","header-above-stick-meta":"","header-main-stick-meta":"","header-below-stick-meta":"","astra-migrate-meta-layouts":"default","ast-page-background-enabled":"default","ast-page-background-meta":{"desktop":{"background-color":"var(--ast-global-color-4)","background-image":"","background-repeat":"repeat","background-position":"center center","background-size":"auto","background-attachment":"scroll","background-type":"","background-media":"","overlay-type":"","overlay-color":"","overlay-opacity":"","overlay-gradient":""},"tablet":{"background-color":"","background-image":"","background-repeat":"repeat","background-position":"center center","background-size":"auto","background-attachment":"scroll","background-type":"","background-media":"","overlay-type":"","overlay-color":"","overlay-opacity":"","overlay-gradient":""},"mobile":{"background-color":"","background-image":"","background-repeat":"repeat","background-position":"center center","background-size":"auto","background-attachment":"scroll","background-type":"","background-media":"","overlay-type":"","overlay-color":"","overlay-opacity":"","overlay-gradient":""}},"ast-content-background-meta":{"desktop":{"background-color":"var(--ast-global-color-5)","background-image":"","background-repeat":"repeat","background-position":"center center","background-size":"auto","background-attachment":"scroll","background-type":"","background-media":"","overlay-type":"","overlay-color":"","overlay-opacity":"","overlay-gradient":""},"tablet":{"background-color":"var(--ast-global-color-5)","background-image":"","background-repeat":"repeat","background-position":"center center","background-size":"auto","background-attachment":"scroll","background-type":"","background-media":"","overlay-type":"","overlay-color":"","overlay-opacity":"","overlay-gradient":""},"mobile":{"background-color":"var(--ast-global-color-5)","background-image":"","background-repeat":"repeat","background-position":"center center","background-size":"auto","background-attachment":"scroll","background-type":"","background-media":"","overlay-type":"","overlay-color":"","overlay-opacity":"","overlay-gradient":""}},"footnotes":""},"class_list":["post-216","page","type-page","status-publish","hentry"],"_links":{"self":[{"href":"https:\/\/abs-elearning.com\/de\/wp-json\/wp\/v2\/pages\/216","targetHints":{"allow":["GET"]}}],"collection":[{"href":"https:\/\/abs-elearning.com\/de\/wp-json\/wp\/v2\/pages"}],"about":[{"href":"https:\/\/abs-elearning.com\/de\/wp-json\/wp\/v2\/types\/page"}],"author":[{"embeddable":true,"href":"https:\/\/abs-elearning.com\/de\/wp-json\/wp\/v2\/users\/1"}],"replies":[{"embeddable":true,"href":"https:\/\/abs-elearning.com\/de\/wp-json\/wp\/v2\/comments?post=216"}],"version-history":[{"count":33,"href":"https:\/\/abs-elearning.com\/de\/wp-json\/wp\/v2\/pages\/216\/revisions"}],"predecessor-version":[{"id":840,"href":"https:\/\/abs-elearning.com\/de\/wp-json\/wp\/v2\/pages\/216\/revisions\/840"}],"wp:attachment":[{"href":"https:\/\/abs-elearning.com\/de\/wp-json\/wp\/v2\/media?parent=216"}],"curies":[{"name":"wp","href":"https:\/\/api.w.org\/{rel}","templated":true}]}}